{"id":592,"date":"2020-04-17T13:22:39","date_gmt":"2020-04-17T13:22:39","guid":{"rendered":"http:\/\/entwicklung.korawan-thaimassage-konstanz.de\/?page_id=592"},"modified":"2022-09-12T08:38:15","modified_gmt":"2022-09-12T08:38:15","slug":"impressum","status":"publish","type":"page","link":"https:\/\/www.korawan-thaimassage-konstanz.de\/?page_id=592","title":{"rendered":"Impressum"},"content":{"rendered":"<div  style='padding-bottom:10px; color:#62851c;' class='av-special-heading av-special-heading-h2 custom-color-heading blockquote modern-quote modern-centered  avia-builder-el-0  el_before_av_hr  avia-builder-el-first  '><h2 class='av-special-heading-tag '  itemprop=\"headline\"  >Impressum<\/h2><div class='special-heading-border'><div class='special-heading-inner-border' style='border-color:#62851c'><\/div><\/div><\/div>\n<div  style=' margin-top:50px; margin-bottom:50px;'  class='hr hr-custom hr-center hr-icon-yes   avia-builder-el-1  el_after_av_heading  el_before_av_textblock '><span class='hr-inner  inner-border-av-border-thin' style=' width:300px; border-color:#62851c; max-width:45%;' ><span class='hr-inner-style'><\/span><\/span><span class='av-seperator-icon' style='color:#62851c;' aria-hidden='true' data-av_icon='\ue900' data-av_iconfont='icomoon'><\/span><span class='hr-inner  inner-border-av-border-thin' style=' width:300px; border-color:#62851c; max-width:45%;' ><span class='hr-inner-style'><\/span><\/span><\/div>\n<section class=\"av_textblock_section \"  itemscope=\"itemscope\" itemtype=\"https:\/\/schema.org\/CreativeWork\" ><div class='avia_textblock  '   itemprop=\"text\" ><p style=\"text-align: center;\">Nuad Dee Korawan Thaimassage<br \/>\nWiesensta\u00dfe 1<br \/>\n778462 Konstanz<br \/>\nTel. 0173 177 66 65<br \/>\nInternet: www.korawan-thaimassage-konstanz.de<\/p>\n<p style=\"text-align: center;\">Gesch\u00e4ftsf\u00fchrer: G\u00fcnter Martin<\/p>\n<p style=\"text-align: center;\">USt.IdNr. gem\u00e4\u00df \u00a7 27 Umsatzsteuergesetz: DE328927982<\/p>\n<p style=\"text-align: center;\">Konzeption, Design und Programmierung:<br \/>\nbodenseecrew Werbeagentur GmbH<br \/>\nwww.bodenseecrew.de<\/p>\n<p style=\"text-align: center;\">Haftungshinweis:<br \/>\nDer gesamte Inhalt von dieser Webseite unterliegt dem Urheberrecht und anderen Gesetzen<br \/>\nzum Schutze geistigen Eigentums. Elemente d\u00fcrfen weder f\u00fcr private noch f\u00fcr gesch\u00e4ftliche<br \/>\nZwecke verwendet, kopiert oder ver\u00e4ndert werden. Alle in der Seite verwendeten Handelsmarken<br \/>\noder Markenzeichen sind Eigentum der jeweiligen Rechte-Inhaber.<\/p>\n<p style=\"text-align: center;\">Haftungsausschluss:<br \/>\nEs wird keinerlei Haftung f\u00fcr eventuelle Folgen der angebotenen Massagen und Therapien \u00fcbernommen. Bei allgemeinen und schweren Krankheiten ersetzen die angebotenen Massagen und Therapien keinesfalls einen Arztbesuch. Es liegt in der Verantwortung des Kunden, vor einer Massagetherapie Krankheiten angemessen zu schildern. Bei einer schweren Krankheit k\u00f6nnen die angebotenen Massagen und Therapien eine Krankheit verschlimmern (z.B. bei Knochenbr\u00fcchen). Ein Kunde tr\u00e4gt stets s\u00e4mtliche Risiken selbst, die bei den angebotenen Massagen und Therapien auftreten k\u00f6nnten.<\/p>\n<\/div><\/section>\n<\/div><\/div><\/div><!-- close content main div --><\/div><\/div><div id='full_slider_1'  class='avia-fullwidth-slider main_color avia-shadow   avia-builder-el-3  el_after_av_textblock  avia-builder-el-last   slider-not-first container_wrap sidebar_right' style=' '  ><div   data-size='no scaling'  data-lightbox_size='large'  data-animation='slide'  data-conditional_play=''  data-ids='951'  data-video_counter='0'  data-autoplay='false'  data-bg_slider='false'  data-slide_height=''  data-handle='av_slideshow_full'  data-interval='5'  data-class=' '  data-el_id=''  data-css_id=''  data-scroll_down=''  data-control_layout='av-control-hidden'  data-custom_markup=''  data-perma_caption=''  data-autoplay_stopper=''  data-image_attachment=''  data-min_height='0px'  data-src=''  data-position='top left'  data-repeat='no-repeat'  data-attach='scroll'  data-stretch=''  class='avia-slideshow avia-slideshow-1  av-control-hidden av-default-height-applied avia-slideshow-no scaling av_slideshow_full   avia-slide-slider '  itemprop=\"image\" itemscope=\"itemscope\" itemtype=\"https:\/\/schema.org\/ImageObject\" ><ul class='avia-slideshow-inner ' style='padding-bottom: 30.277777777778%;' ><li  class=' av-single-slide slide-1 ' ><div data-rel='slideshow-1' class='avia-slide-wrap '   ><img src='https:\/\/www.korawan-thaimassage-konstanz.de\/wp-content\/uploads\/2020\/04\/korawan-thaimassage-konstanz-kontakt-footer-blumen-1.png' width='1800' height='545' title='korawan-thaimassage-konstanz-kontakt-footer-blumen' alt='korawan-thaimassage-konstanz-kontakt-footer-blumen'  itemprop=\"thumbnailUrl\"   \/><\/div><\/li><\/ul><\/div><\/div>\n","protected":false},"excerpt":{"rendered":"","protected":false},"author":1,"featured_media":0,"parent":0,"menu_order":0,"comment_status":"closed","ping_status":"closed","template":"","meta":{"footnotes":""},"class_list":["post-592","page","type-page","status-publish","hentry"],"yoast_head":"<!-- This site is optimized with the Yoast SEO plugin v27.5 - https:\/\/yoast.com\/product\/yoast-seo-wordpress\/ -->\n<title>Impressum - Korawan Thaimassage<\/title>\n<meta name=\"robots\" content=\"noindex, follow\" \/>\n<meta property=\"og:locale\" content=\"de_DE\" \/>\n<meta property=\"og:type\" content=\"article\" \/>\n<meta property=\"og:title\" content=\"Impressum - Korawan Thaimassage\" \/>\n<meta property=\"og:url\" content=\"https:\/\/www.korawan-thaimassage-konstanz.de\/\" \/>\n<meta property=\"og:site_name\" content=\"Korawan Thaimassage\" \/>\n<meta property=\"article:modified_time\" content=\"2022-09-12T08:38:15+00:00\" \/>\n<meta name=\"twitter:card\" content=\"summary_large_image\" \/>\n<meta name=\"twitter:label1\" content=\"Gesch\u00e4tzte Lesezeit\" \/>\n\t<meta name=\"twitter:data1\" content=\"2\u00a0Minuten\" \/>\n<script type=\"application\/ld+json\" class=\"yoast-schema-graph\">{\"@context\":\"https:\\\/\\\/schema.org\",\"@graph\":[{\"@type\":\"WebPage\",\"@id\":\"https:\\\/\\\/www.korawan-thaimassage-konstanz.de\\\/?page_id=592\",\"url\":\"https:\\\/\\\/www.korawan-thaimassage-konstanz.de\\\/\",\"name\":\"Impressum - Korawan Thaimassage\",\"isPartOf\":{\"@id\":\"https:\\\/\\\/www.korawan-thaimassage-konstanz.de\\\/#website\"},\"datePublished\":\"2020-04-17T13:22:39+00:00\",\"dateModified\":\"2022-09-12T08:38:15+00:00\",\"breadcrumb\":{\"@id\":\"https:\\\/\\\/www.korawan-thaimassage-konstanz.de\\\/#breadcrumb\"},\"inLanguage\":\"de\",\"potentialAction\":[{\"@type\":\"ReadAction\",\"target\":[\"https:\\\/\\\/www.korawan-thaimassage-konstanz.de\\\/\"]}]},{\"@type\":\"BreadcrumbList\",\"@id\":\"https:\\\/\\\/www.korawan-thaimassage-konstanz.de\\\/#breadcrumb\",\"itemListElement\":[{\"@type\":\"ListItem\",\"position\":1,\"name\":\"Startseite\",\"item\":\"https:\\\/\\\/www.korawan-thaimassage-konstanz.de\\\/\"},{\"@type\":\"ListItem\",\"position\":2,\"name\":\"Impressum\"}]},{\"@type\":\"WebSite\",\"@id\":\"https:\\\/\\\/www.korawan-thaimassage-konstanz.de\\\/#website\",\"url\":\"https:\\\/\\\/www.korawan-thaimassage-konstanz.de\\\/\",\"name\":\"Korawan Thaimassage\",\"description\":\"\",\"publisher\":{\"@id\":\"https:\\\/\\\/www.korawan-thaimassage-konstanz.de\\\/#organization\"},\"potentialAction\":[{\"@type\":\"SearchAction\",\"target\":{\"@type\":\"EntryPoint\",\"urlTemplate\":\"https:\\\/\\\/www.korawan-thaimassage-konstanz.de\\\/?s={search_term_string}\"},\"query-input\":{\"@type\":\"PropertyValueSpecification\",\"valueRequired\":true,\"valueName\":\"search_term_string\"}}],\"inLanguage\":\"de\"},{\"@type\":\"Organization\",\"@id\":\"https:\\\/\\\/www.korawan-thaimassage-konstanz.de\\\/#organization\",\"name\":\"Korawan Thaimassage\",\"url\":\"https:\\\/\\\/www.korawan-thaimassage-konstanz.de\\\/\",\"logo\":{\"@type\":\"ImageObject\",\"inLanguage\":\"de\",\"@id\":\"https:\\\/\\\/www.korawan-thaimassage-konstanz.de\\\/#\\\/schema\\\/logo\\\/image\\\/\",\"url\":\"https:\\\/\\\/www.korawan-thaimassage-konstanz.de\\\/wp-content\\\/uploads\\\/2020\\\/04\\\/korawan-thaimassage-konstanz-logo-nuad-dee-gold.png\",\"contentUrl\":\"https:\\\/\\\/www.korawan-thaimassage-konstanz.de\\\/wp-content\\\/uploads\\\/2020\\\/04\\\/korawan-thaimassage-konstanz-logo-nuad-dee-gold.png\",\"width\":2480,\"height\":3508,\"caption\":\"Korawan Thaimassage\"},\"image\":{\"@id\":\"https:\\\/\\\/www.korawan-thaimassage-konstanz.de\\\/#\\\/schema\\\/logo\\\/image\\\/\"}}]}<\/script>\n<!-- \/ Yoast SEO plugin. -->","yoast_head_json":{"title":"Impressum - Korawan Thaimassage","robots":{"index":"noindex","follow":"follow"},"og_locale":"de_DE","og_type":"article","og_title":"Impressum - Korawan Thaimassage","og_url":"https:\/\/www.korawan-thaimassage-konstanz.de\/","og_site_name":"Korawan Thaimassage","article_modified_time":"2022-09-12T08:38:15+00:00","twitter_card":"summary_large_image","twitter_misc":{"Gesch\u00e4tzte Lesezeit":"2\u00a0Minuten"},"schema":{"@context":"https:\/\/schema.org","@graph":[{"@type":"WebPage","@id":"https:\/\/www.korawan-thaimassage-konstanz.de\/?page_id=592","url":"https:\/\/www.korawan-thaimassage-konstanz.de\/","name":"Impressum - Korawan Thaimassage","isPartOf":{"@id":"https:\/\/www.korawan-thaimassage-konstanz.de\/#website"},"datePublished":"2020-04-17T13:22:39+00:00","dateModified":"2022-09-12T08:38:15+00:00","breadcrumb":{"@id":"https:\/\/www.korawan-thaimassage-konstanz.de\/#breadcrumb"},"inLanguage":"de","potentialAction":[{"@type":"ReadAction","target":["https:\/\/www.korawan-thaimassage-konstanz.de\/"]}]},{"@type":"BreadcrumbList","@id":"https:\/\/www.korawan-thaimassage-konstanz.de\/#breadcrumb","itemListElement":[{"@type":"ListItem","position":1,"name":"Startseite","item":"https:\/\/www.korawan-thaimassage-konstanz.de\/"},{"@type":"ListItem","position":2,"name":"Impressum"}]},{"@type":"WebSite","@id":"https:\/\/www.korawan-thaimassage-konstanz.de\/#website","url":"https:\/\/www.korawan-thaimassage-konstanz.de\/","name":"Korawan Thaimassage","description":"","publisher":{"@id":"https:\/\/www.korawan-thaimassage-konstanz.de\/#organization"},"potentialAction":[{"@type":"SearchAction","target":{"@type":"EntryPoint","urlTemplate":"https:\/\/www.korawan-thaimassage-konstanz.de\/?s={search_term_string}"},"query-input":{"@type":"PropertyValueSpecification","valueRequired":true,"valueName":"search_term_string"}}],"inLanguage":"de"},{"@type":"Organization","@id":"https:\/\/www.korawan-thaimassage-konstanz.de\/#organization","name":"Korawan Thaimassage","url":"https:\/\/www.korawan-thaimassage-konstanz.de\/","logo":{"@type":"ImageObject","inLanguage":"de","@id":"https:\/\/www.korawan-thaimassage-konstanz.de\/#\/schema\/logo\/image\/","url":"https:\/\/www.korawan-thaimassage-konstanz.de\/wp-content\/uploads\/2020\/04\/korawan-thaimassage-konstanz-logo-nuad-dee-gold.png","contentUrl":"https:\/\/www.korawan-thaimassage-konstanz.de\/wp-content\/uploads\/2020\/04\/korawan-thaimassage-konstanz-logo-nuad-dee-gold.png","width":2480,"height":3508,"caption":"Korawan Thaimassage"},"image":{"@id":"https:\/\/www.korawan-thaimassage-konstanz.de\/#\/schema\/logo\/image\/"}}]}},"_links":{"self":[{"href":"https:\/\/www.korawan-thaimassage-konstanz.de\/index.php?rest_route=\/wp\/v2\/pages\/592","targetHints":{"allow":["GET"]}}],"collection":[{"href":"https:\/\/www.korawan-thaimassage-konstanz.de\/index.php?rest_route=\/wp\/v2\/pages"}],"about":[{"href":"https:\/\/www.korawan-thaimassage-konstanz.de\/index.php?rest_route=\/wp\/v2\/types\/page"}],"author":[{"embeddable":true,"href":"https:\/\/www.korawan-thaimassage-konstanz.de\/index.php?rest_route=\/wp\/v2\/users\/1"}],"replies":[{"embeddable":true,"href":"https:\/\/www.korawan-thaimassage-konstanz.de\/index.php?rest_route=%2Fwp%2Fv2%2Fcomments&post=592"}],"version-history":[{"count":23,"href":"https:\/\/www.korawan-thaimassage-konstanz.de\/index.php?rest_route=\/wp\/v2\/pages\/592\/revisions"}],"predecessor-version":[{"id":1440,"href":"https:\/\/www.korawan-thaimassage-konstanz.de\/index.php?rest_route=\/wp\/v2\/pages\/592\/revisions\/1440"}],"wp:attachment":[{"href":"https:\/\/www.korawan-thaimassage-konstanz.de\/index.php?rest_route=%2Fwp%2Fv2%2Fmedia&parent=592"}],"curies":[{"name":"wp","href":"https:\/\/api.w.org\/{rel}","templated":true}]}}